{"id":1260,"date":"2022-09-13T09:05:03","date_gmt":"2022-09-13T07:05:03","guid":{"rendered":"https:\/\/himmelbjerget.dk\/?page_id=1260"},"modified":"2022-09-16T15:25:23","modified_gmt":"2022-09-16T13:25:23","slug":"home","status":"publish","type":"page","link":"https:\/\/himmelbjerget.dk\/en\/home\/","title":{"rendered":"Home"},"content":{"rendered":"<p>Selve navnet Himmelbjerget optr\u00e6der p\u00e5 skrift allerede i begyndelsen af 1700-tallet. Her blev der afholdt<br \/>\nen dramatisk ulvejagt p\u00e5 bjerget, som i efterf\u00f8lgende retsdokumenter blev ben\u00e6vnt Himmelbjerrig Kol.<\/p>\n<p>Det var Michael Drewsen, der i 1867 dannede en T\u00e5rnkomite, som skulle samle penge ind til at opf\u00f8re Himmelbjergt\u00e5rnet til minde om Grundloven og dens giver. Efter syv \u00e5rs indsamling var pengene i hus,<br \/>\nog arbejdet med at opf\u00f8re det 25 meter h\u00f8je t\u00e5rn kunne begynde.<\/p>\n<p>T\u00e5rnet, tegnet af K\u00f8benhavns senere stadsarkitekt L.P. Fenger, blev indviet i 1875. Frisen p\u00e5 t\u00e5rnet har indskriften:<\/p>\n<p>Til minde om kongen \u2013 Frederik den syvende \u2013 Grundlovens giver \u2013 Det danske folks ven.<\/p>\n","protected":false},"excerpt":{"rendered":"<p>Selve navnet Himmelbjerget optr\u00e6der p\u00e5 skrift allerede i begyndelsen af 1700-tallet. Her blev der afholdt en dramatisk ulvejagt p\u00e5 bjerget, som i efterf\u00f8lgende retsdokumenter blev ben\u00e6vnt Himmelbjerrig Kol. Det var Michael Drewsen, der i 1867 dannede en T\u00e5rnkomite, som skulle samle penge ind til at opf\u00f8re Himmelbjergt\u00e5rnet til minde om Grundloven og dens giver. Efter [&hellip;]<\/p>\n","protected":false},"author":3,"featured_media":31,"parent":0,"menu_order":0,"comment_status":"closed","ping_status":"open","template":"","meta":{"_acf_changed":false},"class_list":["post-1260","page","type-page","status-publish","has-post-thumbnail","hentry"],"acf":[],"yoast_head":"<!-- This site is optimized with the Yoast SEO plugin v26.8 - https:\/\/yoast.com\/product\/yoast-seo-wordpress\/ -->\n<title>Home - Himmelbjerget<\/title>\n<meta name=\"robots\" content=\"index, follow, max-snippet:-1, max-image-preview:large, max-video-preview:-1\" \/>\n<link rel=\"canonical\" href=\"https:\/\/himmelbjerget.dk\/en\/home\/\" \/>\n<meta property=\"og:locale\" content=\"en_US\" \/>\n<meta property=\"og:type\" content=\"article\" \/>\n<meta property=\"og:title\" content=\"Home - Himmelbjerget\" \/>\n<meta property=\"og:description\" content=\"Selve navnet Himmelbjerget optr\u00e6der p\u00e5 skrift allerede i begyndelsen af 1700-tallet. Her blev der afholdt en dramatisk ulvejagt p\u00e5 bjerget, som i efterf\u00f8lgende retsdokumenter blev ben\u00e6vnt Himmelbjerrig Kol. Det var Michael Drewsen, der i 1867 dannede en T\u00e5rnkomite, som skulle samle penge ind til at opf\u00f8re Himmelbjergt\u00e5rnet til minde om Grundloven og dens giver. Efter [&hellip;]\" \/>\n<meta property=\"og:url\" content=\"https:\/\/himmelbjerget.dk\/en\/home\/\" \/>\n<meta property=\"og:site_name\" content=\"Himmelbjerget\" \/>\n<meta property=\"article:modified_time\" content=\"2022-09-16T13:25:23+00:00\" \/>\n<meta property=\"og:image\" content=\"https:\/\/himmelbjerget.dk\/wp-content\/uploads\/2022\/04\/hero-home.jpg\" \/>\n\t<meta property=\"og:image:width\" content=\"1200\" \/>\n\t<meta property=\"og:image:height\" content=\"502\" \/>\n\t<meta property=\"og:image:type\" content=\"image\/jpeg\" \/>\n<meta name=\"twitter:card\" content=\"summary_large_image\" \/>\n<script type=\"application\/ld+json\" class=\"yoast-schema-graph\">{\"@context\":\"https:\/\/schema.org\",\"@graph\":[{\"@type\":\"WebPage\",\"@id\":\"https:\/\/himmelbjerget.dk\/en\/home\/\",\"url\":\"https:\/\/himmelbjerget.dk\/en\/home\/\",\"name\":\"Home - Himmelbjerget\",\"isPartOf\":{\"@id\":\"https:\/\/himmelbjerget.dk\/#website\"},\"primaryImageOfPage\":{\"@id\":\"https:\/\/himmelbjerget.dk\/en\/home\/#primaryimage\"},\"image\":{\"@id\":\"https:\/\/himmelbjerget.dk\/en\/home\/#primaryimage\"},\"thumbnailUrl\":\"https:\/\/himmelbjerget.dk\/wp-content\/uploads\/2022\/04\/hero-home.jpg\",\"datePublished\":\"2022-09-13T07:05:03+00:00\",\"dateModified\":\"2022-09-16T13:25:23+00:00\",\"breadcrumb\":{\"@id\":\"https:\/\/himmelbjerget.dk\/en\/home\/#breadcrumb\"},\"inLanguage\":\"en-US\",\"potentialAction\":[{\"@type\":\"ReadAction\",\"target\":[\"https:\/\/himmelbjerget.dk\/en\/home\/\"]}]},{\"@type\":\"ImageObject\",\"inLanguage\":\"en-US\",\"@id\":\"https:\/\/himmelbjerget.dk\/en\/home\/#primaryimage\",\"url\":\"https:\/\/himmelbjerget.dk\/wp-content\/uploads\/2022\/04\/hero-home.jpg\",\"contentUrl\":\"https:\/\/himmelbjerget.dk\/wp-content\/uploads\/2022\/04\/hero-home.jpg\",\"width\":1200,\"height\":502},{\"@type\":\"BreadcrumbList\",\"@id\":\"https:\/\/himmelbjerget.dk\/en\/home\/#breadcrumb\",\"itemListElement\":[{\"@type\":\"ListItem\",\"position\":1,\"name\":\"Home\",\"item\":\"https:\/\/himmelbjerget.dk\/en\/\"},{\"@type\":\"ListItem\",\"position\":2,\"name\":\"Home\"}]},{\"@type\":\"WebSite\",\"@id\":\"https:\/\/himmelbjerget.dk\/#website\",\"url\":\"https:\/\/himmelbjerget.dk\/\",\"name\":\"Himmelbjerget\",\"description\":\"Himmelbjerget\",\"publisher\":{\"@id\":\"https:\/\/himmelbjerget.dk\/#organization\"},\"potentialAction\":[{\"@type\":\"SearchAction\",\"target\":{\"@type\":\"EntryPoint\",\"urlTemplate\":\"https:\/\/himmelbjerget.dk\/?s={search_term_string}\"},\"query-input\":{\"@type\":\"PropertyValueSpecification\",\"valueRequired\":true,\"valueName\":\"search_term_string\"}}],\"inLanguage\":\"en-US\"},{\"@type\":\"Organization\",\"@id\":\"https:\/\/himmelbjerget.dk\/#organization\",\"name\":\"Himmelbjerget\",\"url\":\"https:\/\/himmelbjerget.dk\/\",\"logo\":{\"@type\":\"ImageObject\",\"inLanguage\":\"en-US\",\"@id\":\"https:\/\/himmelbjerget.dk\/#\/schema\/logo\/image\/\",\"url\":\"https:\/\/himmelbjerget.dk\/wp-content\/uploads\/2022\/06\/Himmelbjerget_Logo_Pos_RGB.png\",\"contentUrl\":\"https:\/\/himmelbjerget.dk\/wp-content\/uploads\/2022\/06\/Himmelbjerget_Logo_Pos_RGB.png\",\"width\":352,\"height\":1008,\"caption\":\"Himmelbjerget\"},\"image\":{\"@id\":\"https:\/\/himmelbjerget.dk\/#\/schema\/logo\/image\/\"}}]}<\/script>\n<!-- \/ Yoast SEO plugin. -->","yoast_head_json":{"title":"Home - Himmelbjerget","robots":{"index":"index","follow":"follow","max-snippet":"max-snippet:-1","max-image-preview":"max-image-preview:large","max-video-preview":"max-video-preview:-1"},"canonical":"https:\/\/himmelbjerget.dk\/en\/home\/","og_locale":"en_US","og_type":"article","og_title":"Home - Himmelbjerget","og_description":"Selve navnet Himmelbjerget optr\u00e6der p\u00e5 skrift allerede i begyndelsen af 1700-tallet. Her blev der afholdt en dramatisk ulvejagt p\u00e5 bjerget, som i efterf\u00f8lgende retsdokumenter blev ben\u00e6vnt Himmelbjerrig Kol. Det var Michael Drewsen, der i 1867 dannede en T\u00e5rnkomite, som skulle samle penge ind til at opf\u00f8re Himmelbjergt\u00e5rnet til minde om Grundloven og dens giver. Efter [&hellip;]","og_url":"https:\/\/himmelbjerget.dk\/en\/home\/","og_site_name":"Himmelbjerget","article_modified_time":"2022-09-16T13:25:23+00:00","og_image":[{"width":1200,"height":502,"url":"https:\/\/himmelbjerget.dk\/wp-content\/uploads\/2022\/04\/hero-home.jpg","type":"image\/jpeg"}],"twitter_card":"summary_large_image","schema":{"@context":"https:\/\/schema.org","@graph":[{"@type":"WebPage","@id":"https:\/\/himmelbjerget.dk\/en\/home\/","url":"https:\/\/himmelbjerget.dk\/en\/home\/","name":"Home - Himmelbjerget","isPartOf":{"@id":"https:\/\/himmelbjerget.dk\/#website"},"primaryImageOfPage":{"@id":"https:\/\/himmelbjerget.dk\/en\/home\/#primaryimage"},"image":{"@id":"https:\/\/himmelbjerget.dk\/en\/home\/#primaryimage"},"thumbnailUrl":"https:\/\/himmelbjerget.dk\/wp-content\/uploads\/2022\/04\/hero-home.jpg","datePublished":"2022-09-13T07:05:03+00:00","dateModified":"2022-09-16T13:25:23+00:00","breadcrumb":{"@id":"https:\/\/himmelbjerget.dk\/en\/home\/#breadcrumb"},"inLanguage":"en-US","potentialAction":[{"@type":"ReadAction","target":["https:\/\/himmelbjerget.dk\/en\/home\/"]}]},{"@type":"ImageObject","inLanguage":"en-US","@id":"https:\/\/himmelbjerget.dk\/en\/home\/#primaryimage","url":"https:\/\/himmelbjerget.dk\/wp-content\/uploads\/2022\/04\/hero-home.jpg","contentUrl":"https:\/\/himmelbjerget.dk\/wp-content\/uploads\/2022\/04\/hero-home.jpg","width":1200,"height":502},{"@type":"BreadcrumbList","@id":"https:\/\/himmelbjerget.dk\/en\/home\/#breadcrumb","itemListElement":[{"@type":"ListItem","position":1,"name":"Home","item":"https:\/\/himmelbjerget.dk\/en\/"},{"@type":"ListItem","position":2,"name":"Home"}]},{"@type":"WebSite","@id":"https:\/\/himmelbjerget.dk\/#website","url":"https:\/\/himmelbjerget.dk\/","name":"Himmelbjerget","description":"Himmelbjerget","publisher":{"@id":"https:\/\/himmelbjerget.dk\/#organization"},"potentialAction":[{"@type":"SearchAction","target":{"@type":"EntryPoint","urlTemplate":"https:\/\/himmelbjerget.dk\/?s={search_term_string}"},"query-input":{"@type":"PropertyValueSpecification","valueRequired":true,"valueName":"search_term_string"}}],"inLanguage":"en-US"},{"@type":"Organization","@id":"https:\/\/himmelbjerget.dk\/#organization","name":"Himmelbjerget","url":"https:\/\/himmelbjerget.dk\/","logo":{"@type":"ImageObject","inLanguage":"en-US","@id":"https:\/\/himmelbjerget.dk\/#\/schema\/logo\/image\/","url":"https:\/\/himmelbjerget.dk\/wp-content\/uploads\/2022\/06\/Himmelbjerget_Logo_Pos_RGB.png","contentUrl":"https:\/\/himmelbjerget.dk\/wp-content\/uploads\/2022\/06\/Himmelbjerget_Logo_Pos_RGB.png","width":352,"height":1008,"caption":"Himmelbjerget"},"image":{"@id":"https:\/\/himmelbjerget.dk\/#\/schema\/logo\/image\/"}}]}},"_links":{"self":[{"href":"https:\/\/himmelbjerget.dk\/en\/wp-json\/wp\/v2\/pages\/1260","targetHints":{"allow":["GET"]}}],"collection":[{"href":"https:\/\/himmelbjerget.dk\/en\/wp-json\/wp\/v2\/pages"}],"about":[{"href":"https:\/\/himmelbjerget.dk\/en\/wp-json\/wp\/v2\/types\/page"}],"author":[{"embeddable":true,"href":"https:\/\/himmelbjerget.dk\/en\/wp-json\/wp\/v2\/users\/3"}],"replies":[{"embeddable":true,"href":"https:\/\/himmelbjerget.dk\/en\/wp-json\/wp\/v2\/comments?post=1260"}],"version-history":[{"count":2,"href":"https:\/\/himmelbjerget.dk\/en\/wp-json\/wp\/v2\/pages\/1260\/revisions"}],"predecessor-version":[{"id":1353,"href":"https:\/\/himmelbjerget.dk\/en\/wp-json\/wp\/v2\/pages\/1260\/revisions\/1353"}],"wp:featuredmedia":[{"embeddable":true,"href":"https:\/\/himmelbjerget.dk\/en\/wp-json\/wp\/v2\/media\/31"}],"wp:attachment":[{"href":"https:\/\/himmelbjerget.dk\/en\/wp-json\/wp\/v2\/media?parent=1260"}],"curies":[{"name":"wp","href":"https:\/\/api.w.org\/{rel}","templated":true}]}}